{"id":18,"date":"2025-06-30T16:24:11","date_gmt":"2025-06-30T16:24:11","guid":{"rendered":"https:\/\/lj-multiservices.fr\/index.php\/contact\/"},"modified":"2026-02-17T16:19:19","modified_gmt":"2026-02-17T16:19:19","slug":"contact","status":"publish","type":"page","link":"https:\/\/lj-multiservices.fr\/index.php\/contact\/","title":{"rendered":"Contact"},"content":{"rendered":"<section class=\"lj-contact-page\">\n<div class=\"lj-contact-shell\">\n<p class=\"lj-contact-kicker\">Contact<\/p>\n<h1 class=\"lj-contact-title\">Parlons de votre projet<\/h1>\n<p class=\"lj-contact-intro-text\">Besoin d&rsquo;un artisan multi-services pour votre salle de bain, plomberie, placo ou r\u00e9novation int\u00e9rieure ? Dites-nous ce que vous souhaitez faire et nous revenons rapidement vers vous.<\/p>\n<div class=\"lj-contact-actions\">\n      <a class=\"lj-contact-btn lj-contact-btn-primary\" href=\"tel:+33677162080\">Appelez-nous<\/a><br \/>\n      <a class=\"lj-contact-btn lj-contact-btn-ghost\" href=\"mailto:liepartjonathan@hotmail.fr\">Envoyer un e-mail<\/a>\n    <\/div>\n<div class=\"lj-contact-grid\">\n<article class=\"lj-contact-card\">\n<h3>T\u00e9l\u00e9phone<\/h3>\n<p><a href=\"tel:+33677162080\">06 77 16 20 80<\/a><\/p>\n<\/article>\n<article class=\"lj-contact-card\">\n<h3>Email<\/h3>\n<p><a href=\"mailto:liepartjonathan@hotmail.fr\">liepartjonathan@hotmail.fr<\/a><\/p>\n<\/article>\n<article class=\"lj-contact-card\">\n<h3>Adresse<\/h3>\n<p>19 AVENUE DU MISTRAL<br \/>30210 VALLIGUI\u00c8RES<\/p>\n<\/article>\n<article class=\"lj-contact-card\">\n<h3>Entreprise<\/h3>\n<p>LJ Multiservices (Jonathan Liepart)<br \/>SIRET : 799803358<\/p>\n<\/article><\/div>\n<p class=\"lj-contact-note\">Intervention rapide sur le secteur de Valligui\u00e8res et alentours. Devis gratuit sur demande.<\/p>\n<\/p><\/div>\n<\/section>\n","protected":false},"excerpt":{"rendered":"<p>Contact Parlons de votre projet Besoin d&rsquo;un artisan multi-services pour votre salle de bain, plomberie, placo ou r\u00e9novation int\u00e9rieure ? Dites-nous ce que vous souhaitez faire et nous revenons rapidement vers vous. Appelez-nous Envoyer un e-mail T\u00e9l\u00e9phone 06 77 16 20 80 Email liepartjonathan@hotmail.fr Adresse 19 AVENUE DU MISTRAL30210 VALLIGUI\u00c8RES Entreprise LJ Multiservices (Jonathan Liepart)SIRET [&hellip;]<\/p>\n","protected":false},"author":1,"featured_media":0,"parent":0,"menu_order":0,"comment_status":"closed","ping_status":"closed","template":"","meta":{"footnotes":""},"class_list":["post-18","page","type-page","status-publish","hentry"],"_links":{"self":[{"href":"https:\/\/lj-multiservices.fr\/index.php\/wp-json\/wp\/v2\/pages\/18","targetHints":{"allow":["GET"]}}],"collection":[{"href":"https:\/\/lj-multiservices.fr\/index.php\/wp-json\/wp\/v2\/pages"}],"about":[{"href":"https:\/\/lj-multiservices.fr\/index.php\/wp-json\/wp\/v2\/types\/page"}],"author":[{"embeddable":true,"href":"https:\/\/lj-multiservices.fr\/index.php\/wp-json\/wp\/v2\/users\/1"}],"replies":[{"embeddable":true,"href":"https:\/\/lj-multiservices.fr\/index.php\/wp-json\/wp\/v2\/comments?post=18"}],"version-history":[{"count":5,"href":"https:\/\/lj-multiservices.fr\/index.php\/wp-json\/wp\/v2\/pages\/18\/revisions"}],"predecessor-version":[{"id":240,"href":"https:\/\/lj-multiservices.fr\/index.php\/wp-json\/wp\/v2\/pages\/18\/revisions\/240"}],"wp:attachment":[{"href":"https:\/\/lj-multiservices.fr\/index.php\/wp-json\/wp\/v2\/media?parent=18"}],"curies":[{"name":"wp","href":"https:\/\/api.w.org\/{rel}","templated":true}]}}